{"id":5456,"date":"2022-02-17T17:10:49","date_gmt":"2022-02-17T16:10:49","guid":{"rendered":"https:\/\/lcw.comingsoon.site\/testimonials\/"},"modified":"2022-03-09T12:25:59","modified_gmt":"2022-03-09T11:25:59","slug":"temoignages","status":"publish","type":"page","link":"https:\/\/lifecoachwomen.be\/fr\/temoignages\/","title":{"rendered":"T\u00e9moignages"},"content":{"rendered":"<p>[et_pb_section fb_built=\u00a0\u00bb1&Prime; admin_label=\u00a0\u00bbsection\u00a0\u00bb _builder_version=\u00a0\u00bb3.22&Prime; global_colors_info=\u00a0\u00bb{}\u00a0\u00bb][et_pb_row admin_label=\u00a0\u00bbrow\u00a0\u00bb _builder_version=\u00a0\u00bb3.25&Prime; background_size=\u00a0\u00bbinitial\u00a0\u00bb background_position=\u00a0\u00bbtop_left\u00a0\u00bb background_repeat=\u00a0\u00bbrepeat\u00a0\u00bb global_colors_info=\u00a0\u00bb{}\u00a0\u00bb][et_pb_column type=\u00a0\u00bb4_4&Prime; _builder_version=\u00a0\u00bb3.25&Prime; custom_padding=\u00a0\u00bb|||\u00a0\u00bb global_colors_info=\u00a0\u00bb{}\u00a0\u00bb custom_padding__hover=\u00a0\u00bb|||\u00a0\u00bb][et_pb_text _builder_version=\u00a0\u00bb4.14.8&Prime; _module_preset=\u00a0\u00bbdefault\u00a0\u00bb global_colors_info=\u00a0\u00bb{}\u00a0\u00bb]<\/p>\n<h1>T\u00e9moignages<\/h1>\n<p>[\/et_pb_text][\/et_pb_column][\/et_pb_row][et_pb_row _builder_version=\u00a0\u00bb4.14.8&Prime; _module_preset=\u00a0\u00bbdefault\u00a0\u00bb global_colors_info=\u00a0\u00bb{}\u00a0\u00bb][et_pb_column type=\u00a0\u00bb4_4&Prime; _builder_version=\u00a0\u00bb4.14.8&Prime; _module_preset=\u00a0\u00bbdefault\u00a0\u00bb global_colors_info=\u00a0\u00bb{}\u00a0\u00bb][et_pb_testimonial author=\u00a0\u00bbED\u00a0\u00bb _builder_version=\u00a0\u00bb4.14.8&Prime; _module_preset=\u00a0\u00bbdefault\u00a0\u00bb global_colors_info=\u00a0\u00bb{}\u00a0\u00bb]Il y a un moment dans la vie o\u00f9 tout bascule &#8230; on perd ses rep\u00e8res, sa stabilit\u00e9, sa confiance en soi&#8230;<\/p>\n<p>Pourquoi maintenant, pourquoi aujourd\u2019hui alors que tout allait bien&#8230;<\/p>\n<p>On a \u00e9t\u00e9 \u00ab superwoman \u00bb sans le savoir ou encore le vouloir&#8230; \u00e0 force de tout porter, il y a un moment o\u00f9 on est confront\u00e9 \u00e0 une perte d\u2019\u00e9nergie&#8230;c\u2019est l\u00e0 o\u00f9 la solitude s\u2019installe sans que l\u2019on comprenne vraiment pourquoi&#8230; ou encore pire &#8230; sans l\u2019avoir vu venir&#8230;<\/p>\n<p>On a tous tellement \u00e9t\u00e9 format\u00e9s \u00e0 travers notre v\u00e9cu, que cet automatisme devient destructeur.<\/p>\n<p>J\u2019ai eu la chance d\u2019avoir Katrien en tant que coach.<\/p>\n<p>Katrien m\u2019a donn\u00e9 les cl\u00e9s pour prendre soin de moi-m\u00eame et renforcer ma force int\u00e9rieure \u00e0 travers la m\u00e9ditation&#8230;mais surtout comment d\u00e9tourner le n\u00e9gatif en ondes positives. Comment anticiper les moments difficiles et les utiliser en  opportunit\u00e9s. <\/p>\n<p>On ne se rend pas compte, mais vivre le moment pr\u00e9sent, avec le recul n\u00e9cessaire, rend les choses tellement plus facile.<\/p>\n<p>Merci Katrien pour cette belle rencontre.<\/p>\n<p>ED[\/et_pb_testimonial][et_pb_testimonial author=\u00a0\u00bbT.N.\u00a0\u00bb job_title=\u00a0\u00bbTremelo\u00a0\u00bb _builder_version=\u00a0\u00bb4.14.8&Prime; _module_preset=\u00a0\u00bbdefault\u00a0\u00bb global_colors_info=\u00a0\u00bb{}\u00a0\u00bb]Hey Katrien,<\/p>\n<p>Graag wil ik je enorm bedanken, voor de kans die ik van u kreeg.<br \/>\nOm te werken aan self-development \/ Life-coaching.<br \/>\nBuitengewoon fantastisch!!!<\/p>\n<p>Heel veel bijgeleerd.<br \/>\nEn door uw wijze aanpak en tips, tijd kunnen cre\u00ebren voor gezin en ontspanning.<\/p>\n<p>Om nog maar te zwijgen wat je allemaal kan verwezenlijken door meditatie.<\/p>\n<p>Blij dat ik weet, wat ik nu weet.<br \/>\nDit zou iedereen moeten weten!<\/p>\n<p>Bedankt Katrien,<br \/>\nEn tot binnenkort.<\/p>\n<p>T.N.<\/p>\n<p>Tremelo[\/et_pb_testimonial][et_pb_testimonial company_name=\u00a0\u00bbF.R.\u00a0\u00bb _builder_version=\u00a0\u00bb4.14.8&Prime; _module_preset=\u00a0\u00bbdefault\u00a0\u00bb global_colors_info=\u00a0\u00bb{}\u00a0\u00bb]Merci \u00e0 une femme d\u00e9vou\u00e9e et passionn\u00e9e Katrien Degraeve.<br \/>\nJ&rsquo;ai surtout appr\u00e9ci\u00e9 son mode de coaching innovant et personnel, sa motivation contagieuse et son positivisme.<br \/>\nJe suis arriv\u00e9e via via chez Katrien. Mon objectif principal \u00e9tait de travailler sur mon &lsquo;assertivit\u00e9&rsquo;. Pour cela, je cherchais un coach f\u00e9minin qui, gr\u00e2ce \u00e0 ses exp\u00e9riences, pouvait me guider.<br \/>\nKatrien m&rsquo;a remis les cl\u00e9s \u00e0 travers des exercices et un dialogue qui m&rsquo;a donn\u00e9 un aper\u00e7u rapide de ma \u00abmission\u00bb.[\/et_pb_testimonial][et_pb_testimonial author=\u00a0\u00bbFiona Mc Greal\u00a0\u00bb job_title=\u00a0\u00bbco-founder of INGA Wellbeing\u00a0\u00bb _builder_version=\u00a0\u00bb4.14.8&Prime; _module_preset=\u00a0\u00bbdefault\u00a0\u00bb global_colors_info=\u00a0\u00bb{}\u00a0\u00bb]Je connais Katrien depuis dix ans et j&rsquo;aimerais t\u00e9moigner sur l&rsquo;importance de notre amiti\u00e9. Katrien a une vision mature, \u00e9quilibr\u00e9 et consciente de la valeur intrins\u00e8que de la vie. Trouver un mode de vie bien \u00e9quilibr\u00e9 peut \u00eatre tellement difficile malgr\u00e9 notre connaissance de tout cela.<\/p>\n<p>Katrien est une femme, qui comprend les femmes et a une conscience aigu\u00eb des choses qui peuvent parfois \u00eatre tr\u00e8s difficile \u00e0 vivre \u00e0 des moments critiques dans la vie. Grace \u00e0 sa sagesse inn\u00e9e, des ann\u00e9es de formations en nutrition, en hom\u00e9opathie et en PNL, Katrien a clairement les ressources n\u00e9cessaires pour accompagner celle qui a besoin d\u2019un soutien pour se remettre sur la bonne voie ou qui tout simplement veut sortir des sentiers battus pour se ressourcer, pour mieux se comprendre et mieux repartir en conscience et en confiance! \u201cEmpowerment de la femme\u201d est le mot cl\u00e9 qui me vient \u00e0 l&rsquo;esprit &#8211; et cela se fait dans d&rsquo;humilit\u00e9, dans le respect, avec professionnalisme mais surtout dans l\u2019amour.<\/p>\n<p>Son espace est un magnifique havre de paix au milieu de la nature \u00e0 Lubbeek o\u00f9 Katrien trouve son propre \u00e9quilibre int\u00e9rieur.<\/p>\n<p>Une fois que vous auriez go\u00fbt\u00e9 l&rsquo;\u00e9nergie positive de Katrien, plus question de retourner en arri\u00e8re vers nos vieilles habitudes qui ne nous ont point servi dans notre evolution! Vers l\u2019avant! Nous m\u00e9ritons toutes d&rsquo;\u00eatre la meilleure version de nous-m\u00eames. Nous sommes toutes des femmes divines et nous ne devons jamais oublier cela.<\/p>\n<p>Fiona Mc Greal (cofondatrice du bien-\u00eatre d&rsquo;INGA)[\/et_pb_testimonial][\/et_pb_column][\/et_pb_row][\/et_pb_section]<\/p>\n","protected":false},"excerpt":{"rendered":"<p>T\u00e9moignagesIl y a un moment dans la vie o\u00f9 tout bascule &#8230; on perd ses rep\u00e8res, sa stabilit\u00e9, sa confiance en soi&#8230; Pourquoi maintenant, pourquoi aujourd\u2019hui alors que tout allait bien&#8230; On a \u00e9t\u00e9 \u00ab superwoman \u00bb sans le savoir ou encore le vouloir&#8230; \u00e0 force de tout porter, il y a un moment o\u00f9 [&hellip;]<\/p>\n","protected":false},"author":1,"featured_media":0,"parent":0,"menu_order":0,"comment_status":"closed","ping_status":"closed","template":"","meta":{"_et_pb_use_builder":"on","_et_pb_old_content":"","_et_gb_content_width":"","_monsterinsights_skip_tracking":false,"_monsterinsights_sitenote_active":false,"_monsterinsights_sitenote_note":"","_monsterinsights_sitenote_category":0,"footnotes":""},"class_list":["post-5456","page","type-page","status-publish","hentry"],"_links":{"self":[{"href":"https:\/\/lifecoachwomen.be\/fr\/wp-json\/wp\/v2\/pages\/5456","targetHints":{"allow":["GET"]}}],"collection":[{"href":"https:\/\/lifecoachwomen.be\/fr\/wp-json\/wp\/v2\/pages"}],"about":[{"href":"https:\/\/lifecoachwomen.be\/fr\/wp-json\/wp\/v2\/types\/page"}],"author":[{"embeddable":true,"href":"https:\/\/lifecoachwomen.be\/fr\/wp-json\/wp\/v2\/users\/1"}],"replies":[{"embeddable":true,"href":"https:\/\/lifecoachwomen.be\/fr\/wp-json\/wp\/v2\/comments?post=5456"}],"version-history":[{"count":3,"href":"https:\/\/lifecoachwomen.be\/fr\/wp-json\/wp\/v2\/pages\/5456\/revisions"}],"predecessor-version":[{"id":5464,"href":"https:\/\/lifecoachwomen.be\/fr\/wp-json\/wp\/v2\/pages\/5456\/revisions\/5464"}],"wp:attachment":[{"href":"https:\/\/lifecoachwomen.be\/fr\/wp-json\/wp\/v2\/media?parent=5456"}],"curies":[{"name":"wp","href":"https:\/\/api.w.org\/{rel}","templated":true}]}}