{"id":5445,"date":"2022-02-17T17:10:10","date_gmt":"2022-02-17T16:10:10","guid":{"rendered":"https:\/\/lcw.comingsoon.site\/over-mezelf\/"},"modified":"2022-03-09T12:12:55","modified_gmt":"2022-03-09T11:12:55","slug":"a-propos-de-moi","status":"publish","type":"page","link":"https:\/\/lifecoachwomen.be\/fr\/a-propos-de-moi\/","title":{"rendered":"\u00c0 propos de moi"},"content":{"rendered":"<p>[et_pb_section fb_built=\u00a0\u00bb1&Prime; _builder_version=\u00a0\u00bb4.14.8&Prime; _module_preset=\u00a0\u00bbdefault\u00a0\u00bb background_image=\u00a0\u00bbhttps:\/\/lcw.comingsoon.site\/wp-content\/uploads\/2022\/02\/banner-intern-004.jpg\u00a0\u00bb custom_padding=\u00a0\u00bb150px||150px||true|false\u00a0\u00bb animation_style=\u00a0\u00bbfade\u00a0\u00bb global_colors_info=\u00a0\u00bb{}\u00a0\u00bb][\/et_pb_section][et_pb_section fb_built=\u00a0\u00bb1&Prime; _builder_version=\u00a0\u00bb4.14.8&Prime; _module_preset=\u00a0\u00bbdefault\u00a0\u00bb custom_padding=\u00a0\u00bb50px||50px||true|false\u00a0\u00bb global_colors_info=\u00a0\u00bb{}\u00a0\u00bb][et_pb_row column_structure=\u00a0\u00bb2_3,1_3&Prime; _builder_version=\u00a0\u00bb4.14.8&Prime; _module_preset=\u00a0\u00bbdefault\u00a0\u00bb custom_padding=\u00a0\u00bb25px||25px||true|false\u00a0\u00bb global_colors_info=\u00a0\u00bb{}\u00a0\u00bb][et_pb_column type=\u00a0\u00bb2_3&Prime; _builder_version=\u00a0\u00bb4.14.8&Prime; _module_preset=\u00a0\u00bbdefault\u00a0\u00bb global_colors_info=\u00a0\u00bb{}\u00a0\u00bb][et_pb_text module_class=\u00a0\u00bbtitle-h1&Prime; _builder_version=\u00a0\u00bb4.14.8&Prime; _module_preset=\u00a0\u00bbdefault\u00a0\u00bb custom_margin=\u00a0\u00bb||35px||false|false\u00a0\u00bb animation_style=\u00a0\u00bbfade\u00a0\u00bb hover_enabled=\u00a0\u00bb0&Prime; global_colors_info=\u00a0\u00bb{}\u00a0\u00bb sticky_enabled=\u00a0\u00bb0&Prime;]<\/p>\n<h1>\u00c0 propos de moi<\/h1>\n<p>[\/et_pb_text][et_pb_text _builder_version=\u00a0\u00bb4.14.8&Prime; _module_preset=\u00a0\u00bbdefault\u00a0\u00bb animation_style=\u00a0\u00bbfade\u00a0\u00bb hover_enabled=\u00a0\u00bb0&Prime; global_colors_info=\u00a0\u00bb{}\u00a0\u00bb sticky_enabled=\u00a0\u00bb0&Prime;]<\/p>\n<h2>Pourquoi je suis une coach de vie?<\/h2>\n<p>Licenci\u00e9e en \u00e9ducation Physique \u00e0 l\u2019Universit\u00e9 de Louvain, je constate chaque jour \u00e0 quel point un corps en bonne sant\u00e9 vous donne une \u00e9nergie incroyable.<\/p>\n<p>Une de mes passions est \u201cla nourriture saine\u201d. J\u2019ai d\u2019ailleurs suivi de nombreuses formations et s\u00e9minaires sur ce th\u00e8me.<\/p>\n<p>Pour moi, La Nature a une vertu curative et m\u00e9dicinale et je suis convaincue qu\u2019une alimentation saine, naturelle, et biologique nous garde dans une excellente sant\u00e9. Toutes les formations que j\u2019ai pu suivre et appliquer au quotidien, que ce soit  en hom\u00e9opathie ou en phytoth\u00e9rapie, ont permis \u00e0 ma famille d\u2019 \u00e9viter au maximum les traitements allopathiques bien trop chimiques.<\/p>\n<p>Comme la qualit\u00e9 de l\u2019esprit est un \u00e9l\u00e9ment d\u00e9terminant dans notre bien-\u00eatre, \u201d un esprit sain dans un corps sain\u201d, je me suis form\u00e9e \u00e0 la PNL et au coaching au travers la PNL (Bandler-Grinder). J\u2019ai aussi \u00e9tudi\u00e9 \u00e0 l&rsquo;\u201dAcademy Coaching &#038; Mind\u201d fond\u00e9 par topcoach Inge Rock.<\/p>\n<p>Accompagner les gens, et principalement les femmes, est devenue une r\u00e9elle passion pour moi, leur permettre de trouver la voie vers l\u2019\u00e9panouissement, leur but, leur sens, leur chemin,\u2026<\/p>\n<p>Souvent les gens ressentent un  besoin de changement dans leur vie mais ils ne voient pas comment sortir du cercle parfois vicieux de la routine quotidienne.<br \/>\nEn tant que coach de vie, je vous aide et je vous accompagne dans la d\u00e9couverte de vos passions, et ce dont vous avez besoin pour \u00eatre heureuse,\u2026<br \/>\nUne fois que le but \u00e0 atteindre est bien clair et bien d\u00e9fini, nous r\u00e9digions ensemble un plan d\u2019action pour progressivement r\u00e9aliser votre objectif.<br \/>\nEt enfin, je peux vous dire qu\u2019en tant qu\u2019\u00e9pouse depuis 20 ans d\u2019un vrai \u201cworkaholic\u201d, en tant que maman de 2 adolescents, coach de vie, et de \u2018super-manager d\u2019une famille bien \u00e9largie \u2018(chien, chat, poules, moutons\u2026 ), je suis bien consciente du d\u00e9fi que repr\u00e9sente la recherche d\u2019une vie \u00e9quilibr\u00e9e et c\u2019est donc avec plaisir et passion que je partagerai mon exp\u00e9rience avec vous!!!<\/p>\n<p>A tr\u00e8s bient\u00f4t!<\/p>\n<p>Katrien Degraeve[\/et_pb_text][\/et_pb_column][et_pb_column type=\u00a0\u00bb1_3&Prime; _builder_version=\u00a0\u00bb4.14.8&Prime; _module_preset=\u00a0\u00bbdefault\u00a0\u00bb global_colors_info=\u00a0\u00bb{}\u00a0\u00bb][et_pb_image src=\u00a0\u00bbhttps:\/\/lcw.comingsoon.site\/wp-content\/uploads\/2022\/02\/Katrien.jpeg\u00a0\u00bb alt=\u00a0\u00bbKatrien &#8211; lifecoachwomen.be\u00a0\u00bb title_text=\u00a0\u00bbKatrien &#8211; lifecoachwomen.be\u00a0\u00bb _builder_version=\u00a0\u00bb4.14.8&Prime; _module_preset=\u00a0\u00bbdefault\u00a0\u00bb animation_style=\u00a0\u00bbfade\u00a0\u00bb global_colors_info=\u00a0\u00bb{}\u00a0\u00bb][\/et_pb_image][et_pb_image src=\u00a0\u00bbhttps:\/\/lcw.comingsoon.site\/wp-content\/uploads\/2022\/02\/i-can-do-it-768&#215;531-1.jpg\u00a0\u00bb _builder_version=\u00a0\u00bb4.14.8&Prime; _module_preset=\u00a0\u00bbdefault\u00a0\u00bb animation_style=\u00a0\u00bbfade\u00a0\u00bb global_colors_info=\u00a0\u00bb{}\u00a0\u00bb][\/et_pb_image][\/et_pb_column][\/et_pb_row][\/et_pb_section]<\/p>\n","protected":false},"excerpt":{"rendered":"<p>\u00c0 propos de moiPourquoi je suis une coach de vie? Licenci\u00e9e en \u00e9ducation Physique \u00e0 l\u2019Universit\u00e9 de Louvain, je constate chaque jour \u00e0 quel point un corps en bonne sant\u00e9 vous donne une \u00e9nergie incroyable. Une de mes passions est \u201cla nourriture saine\u201d. J\u2019ai d\u2019ailleurs suivi de nombreuses formations et s\u00e9minaires sur ce th\u00e8me. Pour [&hellip;]<\/p>\n","protected":false},"author":1,"featured_media":0,"parent":0,"menu_order":0,"comment_status":"closed","ping_status":"closed","template":"","meta":{"_et_pb_use_builder":"on","_et_pb_old_content":"","_et_gb_content_width":"","_monsterinsights_skip_tracking":false,"_monsterinsights_sitenote_active":false,"_monsterinsights_sitenote_note":"","_monsterinsights_sitenote_category":0,"footnotes":""},"class_list":["post-5445","page","type-page","status-publish","hentry"],"_links":{"self":[{"href":"https:\/\/lifecoachwomen.be\/fr\/wp-json\/wp\/v2\/pages\/5445","targetHints":{"allow":["GET"]}}],"collection":[{"href":"https:\/\/lifecoachwomen.be\/fr\/wp-json\/wp\/v2\/pages"}],"about":[{"href":"https:\/\/lifecoachwomen.be\/fr\/wp-json\/wp\/v2\/types\/page"}],"author":[{"embeddable":true,"href":"https:\/\/lifecoachwomen.be\/fr\/wp-json\/wp\/v2\/users\/1"}],"replies":[{"embeddable":true,"href":"https:\/\/lifecoachwomen.be\/fr\/wp-json\/wp\/v2\/comments?post=5445"}],"version-history":[{"count":2,"href":"https:\/\/lifecoachwomen.be\/fr\/wp-json\/wp\/v2\/pages\/5445\/revisions"}],"predecessor-version":[{"id":5448,"href":"https:\/\/lifecoachwomen.be\/fr\/wp-json\/wp\/v2\/pages\/5445\/revisions\/5448"}],"wp:attachment":[{"href":"https:\/\/lifecoachwomen.be\/fr\/wp-json\/wp\/v2\/media?parent=5445"}],"curies":[{"name":"wp","href":"https:\/\/api.w.org\/{rel}","templated":true}]}}