{"id":5434,"date":"2022-02-17T17:09:57","date_gmt":"2022-02-17T16:09:57","guid":{"rendered":"https:\/\/lcw.comingsoon.site\/voor-wie\/"},"modified":"2022-03-09T12:28:41","modified_gmt":"2022-03-09T11:28:41","slug":"pour-qui","status":"publish","type":"page","link":"https:\/\/lifecoachwomen.be\/fr\/pour-qui\/","title":{"rendered":"Pour qui?"},"content":{"rendered":"<p>[et_pb_section fb_built=\u00a0\u00bb1&Prime; _builder_version=\u00a0\u00bb4.14.8&Prime; _module_preset=\u00a0\u00bbdefault\u00a0\u00bb background_image=\u00a0\u00bbhttps:\/\/lcw.comingsoon.site\/wp-content\/uploads\/2022\/02\/banner-intern-003.jpg\u00a0\u00bb custom_padding=\u00a0\u00bb150px||150px||true|false\u00a0\u00bb animation_style=\u00a0\u00bbfade\u00a0\u00bb global_colors_info=\u00a0\u00bb{}\u00a0\u00bb][\/et_pb_section][et_pb_section fb_built=\u00a0\u00bb1&Prime; _builder_version=\u00a0\u00bb4.14.8&Prime; _module_preset=\u00a0\u00bbdefault\u00a0\u00bb custom_padding=\u00a0\u00bb50px||50px||true|false\u00a0\u00bb global_colors_info=\u00a0\u00bb{}\u00a0\u00bb][et_pb_row column_structure=\u00a0\u00bb1_2,1_2&Prime; module_class=\u00a0\u00bbflex-zone\u00a0\u00bb _builder_version=\u00a0\u00bb4.14.8&Prime; _module_preset=\u00a0\u00bbdefault\u00a0\u00bb custom_padding=\u00a0\u00bb25px||25px||true|false\u00a0\u00bb global_colors_info=\u00a0\u00bb{}\u00a0\u00bb][et_pb_column type=\u00a0\u00bb1_2&Prime; _builder_version=\u00a0\u00bb4.14.8&Prime; _module_preset=\u00a0\u00bbdefault\u00a0\u00bb global_colors_info=\u00a0\u00bb{}\u00a0\u00bb][et_pb_text module_class=\u00a0\u00bbtitle-h1&Prime; _builder_version=\u00a0\u00bb4.14.8&Prime; _module_preset=\u00a0\u00bbdefault\u00a0\u00bb custom_margin=\u00a0\u00bb||35px||false|false\u00a0\u00bb animation_style=\u00a0\u00bbfade\u00a0\u00bb global_colors_info=\u00a0\u00bb{}\u00a0\u00bb]<\/p>\n<h1>Pour qui?<\/h1>\n<p>[\/et_pb_text][et_pb_text _builder_version=\u00a0\u00bb4.14.8&Prime; _module_preset=\u00a0\u00bbdefault\u00a0\u00bb animation_style=\u00a0\u00bbfade\u00a0\u00bb global_colors_info=\u00a0\u00bb{}\u00a0\u00bb]En tant que femme, je sens que les d\u00e9fis de la vie sont diff\u00e9rents de ceux des hommes et j\u2019ai fait le choix d\u2019orienter toute mon \u00e9nergie \u00e0 coacher uniquement les femmes.<\/p>\n<ul>\n<li>Vous d\u00e9sirez un meilleur \u00e9quilibre entre tous les domaines de votre  vie: travail, famille, vie personnelle, temps libre,  etc,\u2026<\/li>\n<li>Vous souhaitez d\u00e9couvrir ce qui vous rend r\u00e9ellement heureuse, et quelles sont vos r\u00e9elles passions.<\/li>\n<li>L\u2019avenir vous inqui\u00e8te, il vous fait peur, vous voulez mieux ma\u00eetriser votre vie<\/li>\n<li>Vous vous sentez coinc\u00e9e ou bloqu\u00e9e et ne voyez plus la porte de sortie ou vous n\u2019 arrivez pas \u00e0 l\u2019ouvrir<\/li>\n<li>Vous d\u00e9sirez savoir comment vivre une vie en pleine sant\u00e9<\/li>\n<li>Vous d\u00e9sirez d\u00e9couvrir et lib\u00e9rer tout le potentiel qui est en vous<\/li>\n<\/ul>\n<p>[\/et_pb_text][\/et_pb_column][et_pb_column type=\u00a0\u00bb1_2&Prime; _builder_version=\u00a0\u00bb4.14.8&Prime; _module_preset=\u00a0\u00bbdefault\u00a0\u00bb global_colors_info=\u00a0\u00bb{}\u00a0\u00bb][et_pb_image src=\u00a0\u00bbhttps:\/\/lcw.comingsoon.site\/wp-content\/uploads\/2022\/02\/lcw-illu-001.jpg\u00a0\u00bb title_text=\u00a0\u00bblcw-illu-001&Prime; module_class=\u00a0\u00bbshadow-img\u00a0\u00bb _builder_version=\u00a0\u00bb4.14.8&Prime; _module_preset=\u00a0\u00bbdefault\u00a0\u00bb animation_style=\u00a0\u00bbfade\u00a0\u00bb global_colors_info=\u00a0\u00bb{}\u00a0\u00bb][\/et_pb_image][\/et_pb_column][\/et_pb_row][\/et_pb_section]<\/p>\n","protected":false},"excerpt":{"rendered":"<p>Pour qui?En tant que femme, je sens que les d\u00e9fis de la vie sont diff\u00e9rents de ceux des hommes et j\u2019ai fait le choix d\u2019orienter toute mon \u00e9nergie \u00e0 coacher uniquement les femmes. Vous d\u00e9sirez un meilleur \u00e9quilibre entre tous les domaines de votre vie: travail, famille, vie personnelle, temps libre, etc,\u2026 Vous souhaitez d\u00e9couvrir [&hellip;]<\/p>\n","protected":false},"author":1,"featured_media":0,"parent":0,"menu_order":0,"comment_status":"closed","ping_status":"closed","template":"","meta":{"_et_pb_use_builder":"on","_et_pb_old_content":"","_et_gb_content_width":"","_monsterinsights_skip_tracking":false,"_monsterinsights_sitenote_active":false,"_monsterinsights_sitenote_note":"","_monsterinsights_sitenote_category":0,"footnotes":""},"class_list":["post-5434","page","type-page","status-publish","hentry"],"_links":{"self":[{"href":"https:\/\/lifecoachwomen.be\/fr\/wp-json\/wp\/v2\/pages\/5434","targetHints":{"allow":["GET"]}}],"collection":[{"href":"https:\/\/lifecoachwomen.be\/fr\/wp-json\/wp\/v2\/pages"}],"about":[{"href":"https:\/\/lifecoachwomen.be\/fr\/wp-json\/wp\/v2\/types\/page"}],"author":[{"embeddable":true,"href":"https:\/\/lifecoachwomen.be\/fr\/wp-json\/wp\/v2\/users\/1"}],"replies":[{"embeddable":true,"href":"https:\/\/lifecoachwomen.be\/fr\/wp-json\/wp\/v2\/comments?post=5434"}],"version-history":[{"count":5,"href":"https:\/\/lifecoachwomen.be\/fr\/wp-json\/wp\/v2\/pages\/5434\/revisions"}],"predecessor-version":[{"id":5473,"href":"https:\/\/lifecoachwomen.be\/fr\/wp-json\/wp\/v2\/pages\/5434\/revisions\/5473"}],"wp:attachment":[{"href":"https:\/\/lifecoachwomen.be\/fr\/wp-json\/wp\/v2\/media?parent=5434"}],"curies":[{"name":"wp","href":"https:\/\/api.w.org\/{rel}","templated":true}]}}