{"id":5421,"date":"2022-02-17T17:09:42","date_gmt":"2022-02-17T16:09:42","guid":{"rendered":"https:\/\/lcw.comingsoon.site\/hoe-werkt-dit\/"},"modified":"2022-04-11T08:58:02","modified_gmt":"2022-04-11T06:58:02","slug":"le-processus","status":"publish","type":"page","link":"https:\/\/lifecoachwomen.be\/fr\/le-processus\/","title":{"rendered":"Le processus"},"content":{"rendered":"<p>[et_pb_section fb_built=\u00a0\u00bb1&Prime; _builder_version=\u00a0\u00bb4.15.1&Prime; _module_preset=\u00a0\u00bbdefault\u00a0\u00bb background_image=\u00a0\u00bbhttps:\/\/lcw.comingsoon.site\/wp-content\/uploads\/2022\/02\/banner-intern-002.jpg\u00a0\u00bb custom_padding=\u00a0\u00bb150px||150px||true|false\u00a0\u00bb animation_style=\u00a0\u00bbfade\u00a0\u00bb hover_enabled=\u00a0\u00bb0&Prime; global_colors_info=\u00a0\u00bb{}\u00a0\u00bb alt=\u00a0\u00bblifecoachwomen.be\u00a0\u00bb title_text=\u00a0\u00bblifecoachwomen.be\u00a0\u00bb sticky_enabled=\u00a0\u00bb0&Prime;][\/et_pb_section][et_pb_section fb_built=\u00a0\u00bb1&Prime; _builder_version=\u00a0\u00bb4.15&Prime; _module_preset=\u00a0\u00bbdefault\u00a0\u00bb custom_padding=\u00a0\u00bb50px||50px||true|false\u00a0\u00bb global_colors_info=\u00a0\u00bb{}\u00a0\u00bb][et_pb_row _builder_version=\u00a0\u00bb4.15&Prime; _module_preset=\u00a0\u00bbdefault\u00a0\u00bb custom_padding=\u00a0\u00bb25px||25px||true|false\u00a0\u00bb global_colors_info=\u00a0\u00bb{}\u00a0\u00bb][et_pb_column type=\u00a0\u00bb4_4&Prime; _builder_version=\u00a0\u00bb4.15&Prime; _module_preset=\u00a0\u00bbdefault\u00a0\u00bb global_colors_info=\u00a0\u00bb{}\u00a0\u00bb][et_pb_text module_class=\u00a0\u00bbtitle-h1&Prime; _builder_version=\u00a0\u00bb4.15&Prime; _module_preset=\u00a0\u00bbdefault\u00a0\u00bb custom_margin=\u00a0\u00bb||35px||false|false\u00a0\u00bb animation_style=\u00a0\u00bbfade\u00a0\u00bb global_colors_info=\u00a0\u00bb{}\u00a0\u00bb]<\/p>\n<h1>Le processus?<\/h1>\n<p>[\/et_pb_text][et_pb_text _builder_version=\u00a0\u00bb4.15&Prime; _module_preset=\u00a0\u00bbdefault\u00a0\u00bb animation_style=\u00a0\u00bbfade\u00a0\u00bb global_colors_info=\u00a0\u00bb{}\u00a0\u00bb]Un coach de vie est une personne \u00e0 qui on peut faire confiance, qui ne juge pas.<br \/>\nJe vous aide \u00e0 d\u00e9finir votre souhait, votre but pourque vous puissiez voir clairement le chemin que vous d\u00e9sirez prendre.<\/p>\n<ol>\n<li>Vous m\u2019\u00e9crivez un petit mail dans lequel vous expliquez ce qu\u2019est votre soucis, et o\u00f9 vous d\u00e9sirez de l\u2019aide<\/li>\n<li>Je vous r\u00e9ponds assez vite<\/li>\n<li>Nous fixons un rendez-vous dans mon bureau (r\u00e9gion Louvain) o\u00f9 nous discutons, en buvant une tasse de caf\u00e9 ou du th\u00e9, vos changements souhait\u00e9s, vos buts d\u00e9sir\u00e9s<\/li>\n<li>Les sessions seront planifi\u00e9es.<\/li>\n<\/ol>\n<p>[\/et_pb_text][\/et_pb_column][\/et_pb_row][\/et_pb_section]<\/p>\n","protected":false},"excerpt":{"rendered":"<p>Le processus?Un coach de vie est une personne \u00e0 qui on peut faire confiance, qui ne juge pas. Je vous aide \u00e0 d\u00e9finir votre souhait, votre but pourque vous puissiez voir clairement le chemin que vous d\u00e9sirez prendre. Vous m\u2019\u00e9crivez un petit mail dans lequel vous expliquez ce qu\u2019est votre soucis, et o\u00f9 vous d\u00e9sirez [&hellip;]<\/p>\n","protected":false},"author":1,"featured_media":0,"parent":0,"menu_order":0,"comment_status":"closed","ping_status":"closed","template":"","meta":{"_et_pb_use_builder":"on","_et_pb_old_content":"","_et_gb_content_width":"","_monsterinsights_skip_tracking":false,"_monsterinsights_sitenote_active":false,"_monsterinsights_sitenote_note":"","_monsterinsights_sitenote_category":0,"footnotes":""},"class_list":["post-5421","page","type-page","status-publish","hentry"],"_links":{"self":[{"href":"https:\/\/lifecoachwomen.be\/fr\/wp-json\/wp\/v2\/pages\/5421","targetHints":{"allow":["GET"]}}],"collection":[{"href":"https:\/\/lifecoachwomen.be\/fr\/wp-json\/wp\/v2\/pages"}],"about":[{"href":"https:\/\/lifecoachwomen.be\/fr\/wp-json\/wp\/v2\/types\/page"}],"author":[{"embeddable":true,"href":"https:\/\/lifecoachwomen.be\/fr\/wp-json\/wp\/v2\/users\/1"}],"replies":[{"embeddable":true,"href":"https:\/\/lifecoachwomen.be\/fr\/wp-json\/wp\/v2\/comments?post=5421"}],"version-history":[{"count":8,"href":"https:\/\/lifecoachwomen.be\/fr\/wp-json\/wp\/v2\/pages\/5421\/revisions"}],"predecessor-version":[{"id":5645,"href":"https:\/\/lifecoachwomen.be\/fr\/wp-json\/wp\/v2\/pages\/5421\/revisions\/5645"}],"wp:attachment":[{"href":"https:\/\/lifecoachwomen.be\/fr\/wp-json\/wp\/v2\/media?parent=5421"}],"curies":[{"name":"wp","href":"https:\/\/api.w.org\/{rel}","templated":true}]}}