{"id":5460,"date":"2022-02-17T17:10:49","date_gmt":"2022-02-17T16:10:49","guid":{"rendered":"https:\/\/lcw.comingsoon.site\/testimonials\/"},"modified":"2022-03-09T12:24:33","modified_gmt":"2022-03-09T11:24:33","slug":"testimonials","status":"publish","type":"page","link":"https:\/\/lifecoachwomen.be\/en\/testimonials\/","title":{"rendered":"Testimonials"},"content":{"rendered":"<p>[et_pb_section fb_built=&#8221;1&#8243; admin_label=&#8221;section&#8221; _builder_version=&#8221;3.22&#8243; global_colors_info=&#8221;{}&#8221;][et_pb_row admin_label=&#8221;row&#8221; _builder_version=&#8221;3.25&#8243; background_size=&#8221;initial&#8221; background_position=&#8221;top_left&#8221; background_repeat=&#8221;repeat&#8221; global_colors_info=&#8221;{}&#8221;][et_pb_column type=&#8221;4_4&#8243; _builder_version=&#8221;3.25&#8243; custom_padding=&#8221;|||&#8221; global_colors_info=&#8221;{}&#8221; custom_padding__hover=&#8221;|||&#8221;][et_pb_text _builder_version=&#8221;4.14.8&#8243; _module_preset=&#8221;default&#8221; global_colors_info=&#8221;{}&#8221;]<\/p>\n<h1>Testimonial<\/h1>\n<p>[\/et_pb_text][\/et_pb_column][\/et_pb_row][et_pb_row _builder_version=&#8221;4.14.8&#8243; _module_preset=&#8221;default&#8221; global_colors_info=&#8221;{}&#8221;][et_pb_column type=&#8221;4_4&#8243; _builder_version=&#8221;4.14.8&#8243; _module_preset=&#8221;default&#8221; global_colors_info=&#8221;{}&#8221;][et_pb_testimonial author=&#8221;ED&#8221; _builder_version=&#8221;4.14.8&#8243; _module_preset=&#8221;default&#8221; hover_enabled=&#8221;0&#8243; global_colors_info=&#8221;{}&#8221; sticky_enabled=&#8221;0&#8243;]<\/p>\n<p>There is a moment in life where everything changes &#8230; we lose our bearings, our stability, our self-confidence &#8230;<\/p>\n<p>Why now, why today, when everything was fine &#8230;<\/p>\n<p>We were &#8220;superwoman&#8221; without knowing it or wanting it &#8230; by dint of wearing everything, there is a moment you are confronted with a loss of energy &#8230; this is where loneliness sets in without really understanding why &#8230; or even worse &#8230; without seeing it coming.<\/p>\n<p>We have all been so formatted through our experience, that this automatism becomes destructive.<\/p>\n<p>I was lucky to meet Katrien as a coach.<\/p>\n<p>Katrien gave me the keys to take care of myself and strengthen my inner strength through meditation &#8230; but most of all, how to divert the negative into positive waves. How to anticipate difficult moments and use them in opportunities.<\/p>\n<p>We do not realize, but living the moment with the necessary hindsight makes things so much easier.<\/p>\n<p>Thank you Katrien for these beautiful meetings.<\/p>\n<p>[\/et_pb_testimonial][et_pb_testimonial author=&#8221;T.N.&#8221; job_title=&#8221;Tremelo&#8221; _builder_version=&#8221;4.14.8&#8243; _module_preset=&#8221;default&#8221; hover_enabled=&#8221;0&#8243; global_colors_info=&#8221;{}&#8221; sticky_enabled=&#8221;0&#8243;]Hey Katrien,<\/p>\n<p>Graag wil ik je enorm bedanken, voor de kans die ik van u kreeg.<br \/>\nOm te werken aan self-development \/ Life-coaching.<br \/>\nBuitengewoon fantastisch!!!<\/p>\n<p>Heel veel bijgeleerd.<br \/>\nEn door uw wijze aanpak en tips, tijd kunnen cre\u00ebren voor gezin en ontspanning.<\/p>\n<p>Om nog maar te zwijgen wat je allemaal kan verwezenlijken door meditatie.<\/p>\n<p>Blij dat ik weet, wat ik nu weet.<br \/>\nDit zou iedereen moeten weten!<\/p>\n<p>Bedankt Katrien,<br \/>\nEn tot binnenkort.[\/et_pb_testimonial][et_pb_testimonial company_name=&#8221;F.R.&#8221; _builder_version=&#8221;4.14.8&#8243; _module_preset=&#8221;default&#8221; global_colors_info=&#8221;{}&#8221;]Merci \u00e0 une femme d\u00e9vou\u00e9e et passionn\u00e9e Katrien Degraeve.<br \/>\nJ&#8217;ai surtout appr\u00e9ci\u00e9 son mode de coaching innovant et personnel, sa motivation contagieuse et son positivisme.<br \/>\nJe suis arriv\u00e9e via via chez Katrien. Mon objectif principal \u00e9tait de travailler sur mon &#8216;assertivit\u00e9&#8217;. Pour cela, je cherchais un coach f\u00e9minin qui, gr\u00e2ce \u00e0 ses exp\u00e9riences, pouvait me guider.<br \/>\nKatrien m&#8217;a remis les cl\u00e9s \u00e0 travers des exercices et un dialogue qui m&#8217;a donn\u00e9 un aper\u00e7u rapide de ma \u00abmission\u00bb.[\/et_pb_testimonial][et_pb_testimonial author=&#8221;Fiona Mc Greal&#8221; job_title=&#8221;co-founder of INGA Wellbeing&#8221; _builder_version=&#8221;4.14.8&#8243; _module_preset=&#8221;default&#8221; hover_enabled=&#8221;0&#8243; global_colors_info=&#8221;{}&#8221; sticky_enabled=&#8221;0&#8243;]I have known Katrien over ten years now and I would like to testify on how valuable our friendship has been. Katrien has a maturely balanced and conscious vision on the intrinsic value of life. Finding a well balanced lifestyle can be so challenging despite our knowledge of all this.<\/p>\n<p>Katrien is a woman, who understands women and has an acute awareness of what can go haywire at critical times in one\u2019s life. Through her innate wisdom and years of courses from nutrition to energetic homeopathic work to NLP, Katrien has clearly the resources to accompany one who needs support in getting \u2018back on track\u2019 or simply get \u2018off the beaten track\u2019 in order to resource oneself, understand oneself and act with more awareness and more confidence. \u201cWoman empowerment\u201d is the key word that comes to mind \u2013 and this is done with much humility, respect, professionalism and most importantly much love.<\/p>\n<p>Her space is a glorious haven of peace in the middle of nature in Lubbeek where Katrien finds her own inner balance.<\/p>\n<p>Once you get a taste of Katrien\u2019s positive and \u2018empowering\u2019 energy there is no way back to adopting old habits that have not served you in your evolution\u2026 Onwards! We all deserve to be the best version of ourselves. We are all divine women and we must never forget this.[\/et_pb_testimonial][\/et_pb_column][\/et_pb_row][\/et_pb_section]<\/p>\n","protected":false},"excerpt":{"rendered":"<p>TestimonialThere is a moment in life where everything changes &#8230; we lose our bearings, our stability, our self-confidence &#8230; Why now, why today, when everything was fine &#8230; We were &#8220;superwoman&#8221; without knowing it or wanting it &#8230; by dint of wearing everything, there is a moment you are confronted with a loss of energy [&hellip;]<\/p>\n","protected":false},"author":1,"featured_media":0,"parent":0,"menu_order":0,"comment_status":"closed","ping_status":"closed","template":"","meta":{"_et_pb_use_builder":"on","_et_pb_old_content":"","_et_gb_content_width":"","_monsterinsights_skip_tracking":false,"_monsterinsights_sitenote_active":false,"_monsterinsights_sitenote_note":"","_monsterinsights_sitenote_category":0,"footnotes":""},"class_list":["post-5460","page","type-page","status-publish","hentry"],"_links":{"self":[{"href":"https:\/\/lifecoachwomen.be\/en\/wp-json\/wp\/v2\/pages\/5460","targetHints":{"allow":["GET"]}}],"collection":[{"href":"https:\/\/lifecoachwomen.be\/en\/wp-json\/wp\/v2\/pages"}],"about":[{"href":"https:\/\/lifecoachwomen.be\/en\/wp-json\/wp\/v2\/types\/page"}],"author":[{"embeddable":true,"href":"https:\/\/lifecoachwomen.be\/en\/wp-json\/wp\/v2\/users\/1"}],"replies":[{"embeddable":true,"href":"https:\/\/lifecoachwomen.be\/en\/wp-json\/wp\/v2\/comments?post=5460"}],"version-history":[{"count":1,"href":"https:\/\/lifecoachwomen.be\/en\/wp-json\/wp\/v2\/pages\/5460\/revisions"}],"predecessor-version":[{"id":5462,"href":"https:\/\/lifecoachwomen.be\/en\/wp-json\/wp\/v2\/pages\/5460\/revisions\/5462"}],"wp:attachment":[{"href":"https:\/\/lifecoachwomen.be\/en\/wp-json\/wp\/v2\/media?parent=5460"}],"curies":[{"name":"wp","href":"https:\/\/api.w.org\/{rel}","templated":true}]}}